{"id":1472,"date":"2022-06-13T12:10:09","date_gmt":"2022-06-13T16:10:09","guid":{"rendered":"https:\/\/greco.creaticastaging.com\/restauration\/"},"modified":"2023-01-11T01:27:26","modified_gmt":"2023-01-11T06:27:26","slug":"service-traiteur","status":"publish","type":"page","link":"https:\/\/new.greco.ca\/fr\/service-traiteur\/","title":{"rendered":"Service Traiteur"},"content":{"rendered":"\t\t<div data-elementor-type=\"wp-page\" data-elementor-id=\"1472\" class=\"elementor elementor-1472\" data-elementor-post-type=\"page\">\n\t\t\t\t\t\t<section class=\"elementor-section elementor-top-section elementor-element elementor-element-d01ae3f elementor-section-boxed elementor-section-height-default elementor-section-height-default\" data-id=\"d01ae3f\" data-element_type=\"section\" data-e-type=\"section\" data-settings=\"{&quot;background_background&quot;:&quot;classic&quot;}\">\n\t\t\t\t\t\t\t<div class=\"elementor-background-overlay\"><\/div>\n\t\t\t\t\t\t\t<div class=\"elementor-container elementor-column-gap-default\">\n\t\t\t\t\t<div class=\"elementor-column elementor-col-100 elementor-top-column elementor-element elementor-element-15dba9a\" data-id=\"15dba9a\" data-element_type=\"column\" data-e-type=\"column\">\n\t\t\t<div class=\"elementor-widget-wrap elementor-element-populated\">\n\t\t\t\t\t\t<div class=\"elementor-element elementor-element-a7edf39 elementor-widget elementor-widget-heading\" data-id=\"a7edf39\" data-element_type=\"widget\" data-e-type=\"widget\" data-widget_type=\"heading.default\">\n\t\t\t\t<div class=\"elementor-widget-container\">\n\t\t\t\t\t<h2 class=\"elementor-heading-title elementor-size-default\">Service traiteur<\/h2>\t\t\t\t<\/div>\n\t\t\t\t<\/div>\n\t\t\t\t<div class=\"elementor-element elementor-element-5a5cd2f elementor-widget elementor-widget-heading\" data-id=\"5a5cd2f\" data-element_type=\"widget\" data-e-type=\"widget\" data-widget_type=\"heading.default\">\n\t\t\t\t<div class=\"elementor-widget-container\">\n\t\t\t\t\t<h2 class=\"elementor-heading-title elementor-size-default\">Invitez-nous \u00e0 votre \u00e9v\u00e9nement<\/h2>\t\t\t\t<\/div>\n\t\t\t\t<\/div>\n\t\t\t\t\t<\/div>\n\t\t<\/div>\n\t\t\t\t\t<\/div>\n\t\t<\/section>\n\t\t\t\t<section class=\"elementor-section elementor-top-section elementor-element elementor-element-3744df7 elementor-section-boxed elementor-section-height-default elementor-section-height-default\" data-id=\"3744df7\" data-element_type=\"section\" data-e-type=\"section\">\n\t\t\t\t\t\t<div class=\"elementor-container elementor-column-gap-default\">\n\t\t\t\t\t<div class=\"elementor-column elementor-col-100 elementor-top-column elementor-element elementor-element-d593b85\" data-id=\"d593b85\" data-element_type=\"column\" data-e-type=\"column\">\n\t\t\t<div class=\"elementor-widget-wrap elementor-element-populated\">\n\t\t\t\t\t\t<div class=\"elementor-element elementor-element-e5d8765 elementor-widget elementor-widget-heading\" data-id=\"e5d8765\" data-element_type=\"widget\" data-e-type=\"widget\" data-widget_type=\"heading.default\">\n\t\t\t\t<div class=\"elementor-widget-container\">\n\t\t\t\t\t<h2 class=\"elementor-heading-title elementor-size-default\">Servez de 2 \u00e0 100 personnes ou plus!<\/h2>\t\t\t\t<\/div>\n\t\t\t\t<\/div>\n\t\t\t\t<div class=\"elementor-element elementor-element-cc099db elementor-widget elementor-widget-text-editor\" data-id=\"cc099db\" data-element_type=\"widget\" data-e-type=\"widget\" data-widget_type=\"text-editor.default\">\n\t\t\t\t<div class=\"elementor-widget-container\">\n\t\t\t\t\t\t\t\t\tQu\u2019il s\u2019agisse d\u2019un repas entre coll\u00e8gues ou d\u2019une soir\u00e9e d\u2019entreprise, d\u2019un \u00e9v\u00e9nement sportif, d\u2019une f\u00eate d\u2019anniversaire ou d\u2019une r\u00e9union en famille, nous pouvons vous aider. Nous avons quelque chose pour tous les go\u00fbts. Dressez la table pour un \u00e9v\u00e9nement r\u00e9ussi gr\u00e2ce \u00e0 nos d\u00e9licieuses pizzas, Oven\u2665Subs\u00ae, Donairs, \u00e0-c\u00f4t\u00e9s et plus encore lorsque vous faites appel au service traiteur de Greco Pizza.\t\t\t\t\t\t\t\t<\/div>\n\t\t\t\t<\/div>\n\t\t\t\t<div class=\"elementor-element elementor-element-4c77e77 elementor-align-center elementor-widget elementor-widget-button\" data-id=\"4c77e77\" data-element_type=\"widget\" data-e-type=\"widget\" data-widget_type=\"button.default\">\n\t\t\t\t<div class=\"elementor-widget-container\">\n\t\t\t\t\t\t\t\t\t<div class=\"elementor-button-wrapper\">\n\t\t\t\t\t<a class=\"elementor-button elementor-button-link elementor-size-sm\" href=\"https:\/\/weborder6.microworks.com\/grecopizza\/Items\/Index\/2180\" target=\"_blank\">\n\t\t\t\t\t\t<span class=\"elementor-button-content-wrapper\">\n\t\t\t\t\t\t\t\t\t<span class=\"elementor-button-text\">COMMANDER<\/span>\n\t\t\t\t\t<\/span>\n\t\t\t\t\t<\/a>\n\t\t\t\t<\/div>\n\t\t\t\t\t\t\t\t<\/div>\n\t\t\t\t<\/div>\n\t\t\t\t\t<\/div>\n\t\t<\/div>\n\t\t\t\t\t<\/div>\n\t\t<\/section>\n\t\t\t\t<\/div>\n\t\t","protected":false},"excerpt":{"rendered":"<p>Service traiteur Invitez-nous \u00e0 votre \u00e9v\u00e9nement Servez de 2 \u00e0 100 personnes ou plus! Qu\u2019il s\u2019agisse d\u2019un repas entre coll\u00e8gues ou d\u2019une soir\u00e9e d\u2019entreprise, d\u2019un \u00e9v\u00e9nement sportif, d\u2019une f\u00eate d\u2019anniversaire ou d\u2019une r\u00e9union en famille, nous pouvons vous aider. Nous avons quelque chose pour tous les go\u00fbts. Dressez la table pour un \u00e9v\u00e9nement r\u00e9ussi gr\u00e2ce [&hellip;]<\/p>\n","protected":false},"author":7,"featured_media":0,"parent":0,"menu_order":0,"comment_status":"closed","ping_status":"closed","template":"elementor_header_footer","meta":{"_uf_show_specific_survey":0,"_uf_disable_surveys":false,"footnotes":""},"class_list":["post-1472","page","type-page","status-publish","hentry"],"aioseo_notices":[],"_links":{"self":[{"href":"https:\/\/new.greco.ca\/fr\/wp-json\/wp\/v2\/pages\/1472","targetHints":{"allow":["GET"]}}],"collection":[{"href":"https:\/\/new.greco.ca\/fr\/wp-json\/wp\/v2\/pages"}],"about":[{"href":"https:\/\/new.greco.ca\/fr\/wp-json\/wp\/v2\/types\/page"}],"author":[{"embeddable":true,"href":"https:\/\/new.greco.ca\/fr\/wp-json\/wp\/v2\/users\/7"}],"replies":[{"embeddable":true,"href":"https:\/\/new.greco.ca\/fr\/wp-json\/wp\/v2\/comments?post=1472"}],"version-history":[{"count":0,"href":"https:\/\/new.greco.ca\/fr\/wp-json\/wp\/v2\/pages\/1472\/revisions"}],"wp:attachment":[{"href":"https:\/\/new.greco.ca\/fr\/wp-json\/wp\/v2\/media?parent=1472"}],"curies":[{"name":"wp","href":"https:\/\/api.w.org\/{rel}","templated":true}]}}