{"id":1510,"date":"2022-06-15T13:22:20","date_gmt":"2022-06-15T17:22:20","guid":{"rendered":"https:\/\/greco.creaticastaging.com\/guide-nutritionnel\/"},"modified":"2023-01-11T15:11:37","modified_gmt":"2023-01-11T20:11:37","slug":"guide-nutritionnel","status":"publish","type":"page","link":"https:\/\/new.greco.ca\/fr\/guide-nutritionnel\/","title":{"rendered":"Guide Nutritionnel"},"content":{"rendered":"\t\t<div data-elementor-type=\"wp-page\" data-elementor-id=\"1510\" class=\"elementor elementor-1510\" data-elementor-post-type=\"page\">\n\t\t\t\t\t\t<section class=\"elementor-section elementor-top-section elementor-element elementor-element-d01ae3f elementor-section-boxed elementor-section-height-default elementor-section-height-default\" data-id=\"d01ae3f\" data-element_type=\"section\" data-e-type=\"section\" data-settings=\"{&quot;background_background&quot;:&quot;classic&quot;}\">\n\t\t\t\t\t\t\t<div class=\"elementor-background-overlay\"><\/div>\n\t\t\t\t\t\t\t<div class=\"elementor-container elementor-column-gap-default\">\n\t\t\t\t\t<div class=\"elementor-column elementor-col-100 elementor-top-column elementor-element elementor-element-15dba9a\" data-id=\"15dba9a\" data-element_type=\"column\" data-e-type=\"column\">\n\t\t\t<div class=\"elementor-widget-wrap elementor-element-populated\">\n\t\t\t\t\t\t<div class=\"elementor-element elementor-element-a7edf39 elementor-widget elementor-widget-heading\" data-id=\"a7edf39\" data-element_type=\"widget\" data-e-type=\"widget\" data-widget_type=\"heading.default\">\n\t\t\t\t<div class=\"elementor-widget-container\">\n\t\t\t\t\t<h2 class=\"elementor-heading-title elementor-size-default\">Guide  <br>Nutritionnel<\/h2>\t\t\t\t<\/div>\n\t\t\t\t<\/div>\n\t\t\t\t<div class=\"elementor-element elementor-element-5a5cd2f elementor-widget elementor-widget-heading\" data-id=\"5a5cd2f\" data-element_type=\"widget\" data-e-type=\"widget\" data-widget_type=\"heading.default\">\n\t\t\t\t<div class=\"elementor-widget-container\">\n\t\t\t\t\t<h2 class=\"elementor-heading-title elementor-size-default\">Sachez ce que vous mangez<\/h2>\t\t\t\t<\/div>\n\t\t\t\t<\/div>\n\t\t\t\t\t<\/div>\n\t\t<\/div>\n\t\t\t\t\t<\/div>\n\t\t<\/section>\n\t\t\t\t<section class=\"elementor-section elementor-top-section elementor-element elementor-element-8e60bad elementor-section-boxed elementor-section-height-default elementor-section-height-default\" data-id=\"8e60bad\" data-element_type=\"section\" data-e-type=\"section\">\n\t\t\t\t\t\t<div class=\"elementor-container elementor-column-gap-default\">\n\t\t\t\t\t<div class=\"elementor-column elementor-col-100 elementor-top-column elementor-element elementor-element-1e638c7\" data-id=\"1e638c7\" data-element_type=\"column\" data-e-type=\"column\">\n\t\t\t<div class=\"elementor-widget-wrap elementor-element-populated\">\n\t\t\t\t\t\t<div class=\"elementor-element elementor-element-b776084 elementor-widget elementor-widget-heading\" data-id=\"b776084\" data-element_type=\"widget\" data-e-type=\"widget\" data-widget_type=\"heading.default\">\n\t\t\t\t<div class=\"elementor-widget-container\">\n\t\t\t\t\t<h2 class=\"elementor-heading-title elementor-size-default\">Greco, dans le cadre d\u2019un r\u00e9gime \u00e9quilibr\u00e9<\/h2>\t\t\t\t<\/div>\n\t\t\t\t<\/div>\n\t\t\t\t<div class=\"elementor-element elementor-element-2f21b30 elementor-widget elementor-widget-text-editor\" data-id=\"2f21b30\" data-element_type=\"widget\" data-e-type=\"widget\" data-widget_type=\"text-editor.default\">\n\t\t\t\t<div class=\"elementor-widget-container\">\n\t\t\t\t\t\t\t\t\t<p>Commandez une pizza et mangez-la!<\/p><p>Avec le Guide alimentaire canadien comme r\u00e9f\u00e9rence, Greco Pizza peut faire partie d\u2019un r\u00e9gime alimentaire sain et \u00e9quilibr\u00e9. Les produits mentionn\u00e9s dans cette publication, lorsqu\u2019ils sont pr\u00e9par\u00e9s avec des ingr\u00e9dients approuv\u00e9s Greco Pizza, apporteront la composition nutritionnelle telle qu\u2019indiqu\u00e9e. L\u2019information peut varier l\u00e9g\u00e8rement selon l\u2019\u00e9tablissement et le fournisseur.<\/p>\t\t\t\t\t\t\t\t<\/div>\n\t\t\t\t<\/div>\n\t\t\t\t<div class=\"elementor-element elementor-element-1af9196 elementor-align-center elementor-widget elementor-widget-elementskit-button\" data-id=\"1af9196\" data-element_type=\"widget\" data-e-type=\"widget\" data-widget_type=\"elementskit-button.default\">\n\t\t\t\t<div class=\"elementor-widget-container\">\n\t\t\t\t\t<div class=\"ekit-wid-con\" >\t\t<div class=\"ekit-btn-wraper\">\n\t\t\t\t\t\t\t<a href=\"\/wp-content\/uploads\/2023\/01\/Final-Nutrition-Guide-2022-FRENCH.pdf\" target=\"_blank\" class=\"elementskit-btn  whitespace--normal\" id=\"\">\n\t\t\t\t\tConsulter Le Guide Nutritionnel\t\t\t\t<\/a>\n\t\t\t\t\t<\/div>\n        <\/div>\t\t\t\t<\/div>\n\t\t\t\t<\/div>\n\t\t\t\t\t<\/div>\n\t\t<\/div>\n\t\t\t\t\t<\/div>\n\t\t<\/section>\n\t\t\t\t<\/div>\n\t\t","protected":false},"excerpt":{"rendered":"<p>Guide Nutritionnel Sachez ce que vous mangez Greco, dans le cadre d\u2019un r\u00e9gime \u00e9quilibr\u00e9 Commandez une pizza et mangez-la! Avec le Guide alimentaire canadien comme r\u00e9f\u00e9rence, Greco Pizza peut faire partie d\u2019un r\u00e9gime alimentaire sain et \u00e9quilibr\u00e9. Les produits mentionn\u00e9s dans cette publication, lorsqu\u2019ils sont pr\u00e9par\u00e9s avec des ingr\u00e9dients approuv\u00e9s Greco Pizza, apporteront la composition [&hellip;]<\/p>\n","protected":false},"author":7,"featured_media":0,"parent":0,"menu_order":0,"comment_status":"closed","ping_status":"closed","template":"elementor_header_footer","meta":{"_uf_show_specific_survey":0,"_uf_disable_surveys":false,"footnotes":""},"class_list":["post-1510","page","type-page","status-publish","hentry"],"aioseo_notices":[],"_links":{"self":[{"href":"https:\/\/new.greco.ca\/fr\/wp-json\/wp\/v2\/pages\/1510","targetHints":{"allow":["GET"]}}],"collection":[{"href":"https:\/\/new.greco.ca\/fr\/wp-json\/wp\/v2\/pages"}],"about":[{"href":"https:\/\/new.greco.ca\/fr\/wp-json\/wp\/v2\/types\/page"}],"author":[{"embeddable":true,"href":"https:\/\/new.greco.ca\/fr\/wp-json\/wp\/v2\/users\/7"}],"replies":[{"embeddable":true,"href":"https:\/\/new.greco.ca\/fr\/wp-json\/wp\/v2\/comments?post=1510"}],"version-history":[{"count":0,"href":"https:\/\/new.greco.ca\/fr\/wp-json\/wp\/v2\/pages\/1510\/revisions"}],"wp:attachment":[{"href":"https:\/\/new.greco.ca\/fr\/wp-json\/wp\/v2\/media?parent=1510"}],"curies":[{"name":"wp","href":"https:\/\/api.w.org\/{rel}","templated":true}]}}