{"id":3786,"date":"2022-07-29T15:35:23","date_gmt":"2022-07-29T19:35:23","guid":{"rendered":"https:\/\/greco.creaticastaging.com\/own-a-greco\/"},"modified":"2023-01-11T04:08:45","modified_gmt":"2023-01-11T09:08:45","slug":"devenez-proprietaire-d-un-greco","status":"publish","type":"page","link":"https:\/\/new.greco.ca\/fr\/devenez-proprietaire-d-un-greco\/","title":{"rendered":"Devenez Propri\u00e9taire d\u2019un Greco"},"content":{"rendered":"\t\t<div data-elementor-type=\"wp-page\" data-elementor-id=\"3786\" class=\"elementor elementor-3786\" data-elementor-post-type=\"page\">\n\t\t\t\t\t\t<section class=\"elementor-section elementor-top-section elementor-element elementor-element-d01ae3f elementor-section-boxed elementor-section-height-default elementor-section-height-default\" data-id=\"d01ae3f\" data-element_type=\"section\" data-e-type=\"section\" data-settings=\"{&quot;background_background&quot;:&quot;classic&quot;}\">\n\t\t\t\t\t\t\t<div class=\"elementor-background-overlay\"><\/div>\n\t\t\t\t\t\t\t<div class=\"elementor-container elementor-column-gap-default\">\n\t\t\t\t\t<div class=\"elementor-column elementor-col-100 elementor-top-column elementor-element elementor-element-15dba9a\" data-id=\"15dba9a\" data-element_type=\"column\" data-e-type=\"column\">\n\t\t\t<div class=\"elementor-widget-wrap elementor-element-populated\">\n\t\t\t\t\t\t<div class=\"elementor-element elementor-element-a7edf39 elementor-widget elementor-widget-heading\" data-id=\"a7edf39\" data-element_type=\"widget\" data-e-type=\"widget\" data-widget_type=\"heading.default\">\n\t\t\t\t<div class=\"elementor-widget-container\">\n\t\t\t\t\t<h2 class=\"elementor-heading-title elementor-size-default\">Devenez propri\u00e9taire d\u2019un Greco<\/h2>\t\t\t\t<\/div>\n\t\t\t\t<\/div>\n\t\t\t\t<div class=\"elementor-element elementor-element-5a5cd2f elementor-widget elementor-widget-heading\" data-id=\"5a5cd2f\" data-element_type=\"widget\" data-e-type=\"widget\" data-widget_type=\"heading.default\">\n\t\t\t\t<div class=\"elementor-widget-container\">\n\t\t\t\t\t<h2 class=\"elementor-heading-title elementor-size-default\">Soyez votre propre patron<\/h2>\t\t\t\t<\/div>\n\t\t\t\t<\/div>\n\t\t\t\t\t<\/div>\n\t\t<\/div>\n\t\t\t\t\t<\/div>\n\t\t<\/section>\n\t\t\t\t<section class=\"elementor-section elementor-top-section elementor-element elementor-element-90ec75a elementor-section-boxed elementor-section-height-default elementor-section-height-default\" data-id=\"90ec75a\" data-element_type=\"section\" data-e-type=\"section\">\n\t\t\t\t\t\t<div class=\"elementor-container elementor-column-gap-default\">\n\t\t\t\t\t<div class=\"elementor-column elementor-col-100 elementor-top-column elementor-element elementor-element-b84fead\" data-id=\"b84fead\" data-element_type=\"column\" data-e-type=\"column\">\n\t\t\t<div class=\"elementor-widget-wrap elementor-element-populated\">\n\t\t\t\t\t\t<div class=\"elementor-element elementor-element-5c75a87 elementor-widget elementor-widget-heading\" data-id=\"5c75a87\" data-element_type=\"widget\" data-e-type=\"widget\" data-widget_type=\"heading.default\">\n\t\t\t\t<div class=\"elementor-widget-container\">\n\t\t\t\t\t<h2 class=\"elementor-heading-title elementor-size-default\">Joignez-vous \u00e0 la famille Greco<\/h2>\t\t\t\t<\/div>\n\t\t\t\t<\/div>\n\t\t\t\t<div class=\"elementor-element elementor-element-e446a0c elementor-widget elementor-widget-text-editor\" data-id=\"e446a0c\" data-element_type=\"widget\" data-e-type=\"widget\" data-widget_type=\"text-editor.default\">\n\t\t\t\t<div class=\"elementor-widget-container\">\n\t\t\t\t\t\t\t\t\tSi vous r\u00eavez de devenir votre propre patron tout en servant la meilleure pizza du march\u00e9, alors nous avons l\u2019entreprise qu\u2019il vous faut. L\u2019\u00e9quipe de Greco est l\u00e0 pour vous conseiller; du choix de l\u2019emplacement \u00e0 la construction de l\u2019\u00e9tablissement jusqu\u2019\u00e0 vous offrir, ainsi qu\u2019\u00e0 votre\n\u00e9quipe, l\u2019expertise pour servir les meilleurs pizzas, donairs, OvenSubs et plus encore. Toujours pr\u00eats \u00e0 vous aider, nous sommes une \u00e9quipe d\u00e9vou\u00e9e qui a pour objectif de vous garantir le succ\u00e8s tout en d\u00e9veloppant la marque Greco. Si l\u2019id\u00e9e de vous joindre \u00e0 la franchise Greco\nvous int\u00e9resse, nous serions ravis de discuter avec vous.\t\t\t\t\t\t\t\t<\/div>\n\t\t\t\t<\/div>\n\t\t\t\t<div class=\"elementor-element elementor-element-5dd6732 elementor-align-center elementor-widget elementor-widget-button\" data-id=\"5dd6732\" data-element_type=\"widget\" data-e-type=\"widget\" data-widget_type=\"button.default\">\n\t\t\t\t<div class=\"elementor-widget-container\">\n\t\t\t\t\t\t\t\t\t<div class=\"elementor-button-wrapper\">\n\t\t\t\t\t<a class=\"elementor-button elementor-button-link elementor-size-sm\" href=\"https:\/\/grinners.ca\/\" target=\"_blank\">\n\t\t\t\t\t\t<span class=\"elementor-button-content-wrapper\">\n\t\t\t\t\t\t\t\t\t<span class=\"elementor-button-text\">EN SAVOIR PLUS<\/span>\n\t\t\t\t\t<\/span>\n\t\t\t\t\t<\/a>\n\t\t\t\t<\/div>\n\t\t\t\t\t\t\t\t<\/div>\n\t\t\t\t<\/div>\n\t\t\t\t\t<\/div>\n\t\t<\/div>\n\t\t\t\t\t<\/div>\n\t\t<\/section>\n\t\t\t\t<\/div>\n\t\t","protected":false},"excerpt":{"rendered":"<p>Devenez propri\u00e9taire d\u2019un Greco Soyez votre propre patron Joignez-vous \u00e0 la famille Greco Si vous r\u00eavez de devenir votre propre patron tout en servant la meilleure pizza du march\u00e9, alors nous avons l\u2019entreprise qu\u2019il vous faut. L\u2019\u00e9quipe de Greco est l\u00e0 pour vous conseiller; du choix de l\u2019emplacement \u00e0 la construction de l\u2019\u00e9tablissement jusqu\u2019\u00e0 vous [&hellip;]<\/p>\n","protected":false},"author":7,"featured_media":0,"parent":0,"menu_order":0,"comment_status":"closed","ping_status":"closed","template":"elementor_header_footer","meta":{"_uf_show_specific_survey":0,"_uf_disable_surveys":false,"footnotes":""},"class_list":["post-3786","page","type-page","status-publish","hentry"],"aioseo_notices":[],"_links":{"self":[{"href":"https:\/\/new.greco.ca\/fr\/wp-json\/wp\/v2\/pages\/3786","targetHints":{"allow":["GET"]}}],"collection":[{"href":"https:\/\/new.greco.ca\/fr\/wp-json\/wp\/v2\/pages"}],"about":[{"href":"https:\/\/new.greco.ca\/fr\/wp-json\/wp\/v2\/types\/page"}],"author":[{"embeddable":true,"href":"https:\/\/new.greco.ca\/fr\/wp-json\/wp\/v2\/users\/7"}],"replies":[{"embeddable":true,"href":"https:\/\/new.greco.ca\/fr\/wp-json\/wp\/v2\/comments?post=3786"}],"version-history":[{"count":0,"href":"https:\/\/new.greco.ca\/fr\/wp-json\/wp\/v2\/pages\/3786\/revisions"}],"wp:attachment":[{"href":"https:\/\/new.greco.ca\/fr\/wp-json\/wp\/v2\/media?parent=3786"}],"curies":[{"name":"wp","href":"https:\/\/api.w.org\/{rel}","templated":true}]}}