{"id":6367,"date":"2022-08-24T03:34:42","date_gmt":"2022-08-24T07:34:42","guid":{"rendered":"https:\/\/grecoweb.nusoft.biz\/?page_id=6367"},"modified":"2023-01-11T04:35:25","modified_gmt":"2023-01-11T09:35:25","slug":"conditions-generales-dutilisation","status":"publish","type":"page","link":"https:\/\/new.greco.ca\/fr\/conditions-generales-dutilisation\/","title":{"rendered":"Conditions G\u00e9n\u00e9rales D\u2019Utilisation"},"content":{"rendered":"\t\t<div data-elementor-type=\"wp-page\" data-elementor-id=\"6367\" class=\"elementor elementor-6367\" data-elementor-post-type=\"page\">\n\t\t\t\t\t\t<section class=\"elementor-section elementor-top-section elementor-element elementor-element-d01ae3f elementor-section-boxed elementor-section-height-default elementor-section-height-default\" data-id=\"d01ae3f\" data-element_type=\"section\" data-e-type=\"section\" data-settings=\"{&quot;background_background&quot;:&quot;classic&quot;}\">\n\t\t\t\t\t\t\t<div class=\"elementor-background-overlay\"><\/div>\n\t\t\t\t\t\t\t<div class=\"elementor-container elementor-column-gap-default\">\n\t\t\t\t\t<div class=\"elementor-column elementor-col-100 elementor-top-column elementor-element elementor-element-15dba9a\" data-id=\"15dba9a\" data-element_type=\"column\" data-e-type=\"column\">\n\t\t\t<div class=\"elementor-widget-wrap elementor-element-populated\">\n\t\t\t\t\t\t<div class=\"elementor-element elementor-element-a7edf39 elementor-widget elementor-widget-heading\" data-id=\"a7edf39\" data-element_type=\"widget\" data-e-type=\"widget\" data-widget_type=\"heading.default\">\n\t\t\t\t<div class=\"elementor-widget-container\">\n\t\t\t\t\t<h2 class=\"elementor-heading-title elementor-size-default\">Conditions G\u00e9n\u00e9rales D\u2019Utilisation<\/h2>\t\t\t\t<\/div>\n\t\t\t\t<\/div>\n\t\t\t\t\t<\/div>\n\t\t<\/div>\n\t\t\t\t\t<\/div>\n\t\t<\/section>\n\t\t\t\t<section class=\"elementor-section elementor-top-section elementor-element elementor-element-3744df7 elementor-section-boxed elementor-section-height-default elementor-section-height-default\" data-id=\"3744df7\" data-element_type=\"section\" data-e-type=\"section\">\n\t\t\t\t\t\t<div class=\"elementor-container elementor-column-gap-default\">\n\t\t\t\t\t<div class=\"elementor-column elementor-col-100 elementor-top-column elementor-element elementor-element-d593b85\" data-id=\"d593b85\" data-element_type=\"column\" data-e-type=\"column\">\n\t\t\t<div class=\"elementor-widget-wrap elementor-element-populated\">\n\t\t\t\t\t\t<div class=\"elementor-element elementor-element-cc099db elementor-widget elementor-widget-text-editor\" data-id=\"cc099db\" data-element_type=\"widget\" data-e-type=\"widget\" data-widget_type=\"text-editor.default\">\n\t\t\t\t<div class=\"elementor-widget-container\">\n\t\t\t\t\t\t\t\t\t<ol>\n \t<li><strong><u>ACCEPTATION DES CONDITIONS G\u00c9N\u00c9RALES D\u2019UTILISATION DU SITE INTERNET<\/u><\/strong><\/li>\n<\/ol>\nLes pr\u00e9sentes conditions g\u00e9n\u00e9rales d\u2019utilisation du site Web constituent un accord l\u00e9gal entre vous et Grinner\u2019s Food Systems Limited (<strong>\u00ab\u00a0Grinner\u2019s\u00a0\u00bb, \u00ab\u00a0nous\u00a0\u00bb, \u00ab\u00a0notre\u00a0\u00bb<\/strong>). Les conditions g\u00e9n\u00e9rales suivantes [ainsi que tous les documents et autres conditions express\u00e9ment int\u00e9gr\u00e9es par renvoi] (collectivement les <strong>\u00ab\u00a0Conditions d\u2019utilisation\u00a0\u00bb<\/strong>) r\u00e9gissent l\u2019acc\u00e8s au site www.Greco.ca (le \u00ab\u00a0Site Web\u00a0\u00bb) et \u00e0 son utilisation, y compris son contenu et ses fonctionnalit\u00e9s ainsi que les services offerts sur ce site ou au moyen de ce site.\n\n[SI VOUS UTILISEZ LE SITE WEB, vous en acceptez les conditions g\u00e9n\u00e9rales d\u2019utilisation et vous vous engagez \u00e0 \u00eatre li\u00e9 par celles-ci et \u00e0 les respecter [AINSI QUE NOTRE POLITIQUE DE CONFIDENTIALIT\u00c9, QUI SE TROUVE SUR <a href=\"https:\/\/new.greco.ca\/grinners-privacy-policy\/\">https:\/\/new.greco.ca\/fr\/politique-sur-la-vie-privee<\/a> INT\u00c9GR\u00c9E AUX PR\u00c9SENTES PAR RENVOI]. [SI VOUS N\u2019ACCEPTEZ PAS LESDITES CONDITIONS (OU LA POLITIQUE DE CONFIDENTIALIT\u00c9), VOUS NE DEVEZ PAS ACC\u00c9DER AU SITE WEB OU L\u2019UTILISER.]\n\nEn utilisant le Site Web, vous d\u00e9clarez et garantissez que vous avez atteint l\u2019\u00e2ge de la majorit\u00e9 aux termes de la loi applicable afin de pouvoir conclure un contrat contraignant avec Grinner\u2019s, et que vous remplissez toutes les conditions d\u2019admissibilit\u00e9 susmentionn\u00e9es. Si vous ne remplissez pas toutes ces conditions, vous ne devez pas acc\u00e9der au Site Web ou l\u2019utilisez.\n\nEn fournissant votre adresse courriel, vous acceptez que nous communiquions avec vous au sujet de nouveaux produits et offres ainsi que de recevoir des rabais de la part de Grinner\u2019s et de ses diff\u00e9rentes marques &#8211; Greco Pizza, Capt. Submarine, FROZU! et Frank &amp; Gino\u2019s. <strong>Grinner\u2019s ne communiquera jamais vos coordonn\u00e9es, et vous pouvez \u00e0 tout moment supprimer votre nom de nos listes de diffusion.<\/strong>\n<ol start=\"2\">\n \t<li><strong><u>MODIFICATION DES CONDITIONS G\u00c9N\u00c9RALES D\u2019UTILISATION ET DU SITE WEB<\/u><\/strong><\/li>\n<\/ol>\nNous nous r\u00e9servons le droit, \u00e0 notre seule et enti\u00e8re discr\u00e9tion, de r\u00e9viser et de mettre \u00e0 jour les pr\u00e9sentes Conditions d\u2019utilisation. Toute modification entre en vigueur imm\u00e9diatement apr\u00e8s sa publication et s\u2019applique \u00e0 tout acc\u00e8s au Site Web et \u00e0 son utilisation. Vous acceptez de prendre r\u00e9guli\u00e8rement connaissance des Conditions d\u2019utilisation afin de rester au courant de leur modification. L\u2019utilisation continue de notre Site Web apr\u00e8s la publication de ses modifications indique que vous consentez aux changements apport\u00e9s.\n\nLe contenu du Site Web et le Site Web lui-m\u00eame peuvent, \u00e0 notre seule et enti\u00e8re discr\u00e9tion et sans pr\u00e9avis, \u00eatre \u00e0 tout moment modifi\u00e9s ou retir\u00e9s. Nous d\u00e9clinons toute responsabilit\u00e9 si, pour une raison quelconque, les utilisateurs ne peuvent, en tout ou en partie, acc\u00e9der au Site Web, ou si le Site Web est inaccessible \u00e0 tout moment et pour une dur\u00e9e quelconque.\n<ol start=\"3\">\n \t<li><strong><u>ADRESSES DE PROTOCOLE IP ET JOURNAUX WEB<\/u><\/strong><\/li>\n<\/ol>\nNotre serveur Web peut automatiquement enregistrer certains renseignements techniques li\u00e9s \u00e0 votre utilisation du Site Web, comme le domaine Internet de votre fournisseur d\u2019acc\u00e8s \u00e0 Internet, l\u2019adresse de protocole Internet (IP) de l\u2019ordinateur acc\u00e9dant au Site Web, la date et l\u2019heure auxquelles vous avez utilis\u00e9 le site Web, ainsi que les pages que vous avez consult\u00e9es. Ces renseignements sont anonymes et ne vous identifient pas personnellement. Ils servent uniquement \u00e0 d\u00e9terminer les probl\u00e8mes li\u00e9s \u00e0 notre serveur et \u00e0 administrer le Site Web. La collecte d\u2019adresses IP est une pratique courante qui est effectu\u00e9e de mani\u00e8re automatique par de nombreux sites Web. Outre les renseignements non personnels susmentionn\u00e9s, nous pouvons \u00e9galement enregistrer votre adresse IP \u00e0 des fins de pr\u00e9vention de la fraude.\n<ol start=\"4\">\n \t<li><strong><u>T\u00c9MOINS\/COMMUNICATIONS \u00c9LECTRONIQUES\/CONFIDENTIALIT\u00c9 DES COMMUNICATIONS<\/u><\/strong><\/li>\n<\/ol>\nLorsque vous utilisez le site Web ou que vous nous envoyez des courriels, vous communiquez avec nous par voie \u00e9lectronique. Vous consentez donc \u00e0 ce que nous vous envoyions des communications par voie \u00e9lectronique.\n\nT\u00e9moins \u2013 Les t\u00e9moins sont de petits \u00e9l\u00e9ments de donn\u00e9es plac\u00e9s sur vos appareils lorsque vous utilisez un site Web; ils servent \u00e0 suivre votre utilisation du site et \u00e0 am\u00e9liorer votre exp\u00e9rience. Grinner\u2019s peut, \u00e0 l\u2019aide de t\u00e9moins, recueillir des renseignements personnels \u00e0 votre sujet et sur votre utilisation du Site Web. Certains navigateurs peuvent \u00eatre configur\u00e9s pour refuser les t\u00e9moins. Si vous modifiez votre navigateur \u00e0 cette fin, il se peut que certaines fonctionnalit\u00e9s du Site Web ne soient pas disponibles.\n\nEn utilisant le Site Web, vous consentez \u00e0 l\u2019utilisation des t\u00e9moins permettant \u00e0 un serveur de r\u00e9cup\u00e9rer des demandes ou des enregistrements ant\u00e9rieurs et des adresses IP afin d\u2019analyser les habitudes d\u2019utilisation du Site Web. Vous pouvez configurer votre navigateur afin qu\u2019il vous avertisse avant de recevoir un t\u00e9moin, et ce afin que vous puissiez l\u2019accepter ou le refuser. Vous pouvez \u00e9galement param\u00e9trer votre navigateur pour d\u00e9sactiver les t\u00e9moins. Dans un tel cas cependant, certaines parties du Site Web peuvent ne pas fonctionner correctement.<strong>\u00a0<\/strong>\n\n<strong>Grinner\u2019s ne garantit pas la confidentialit\u00e9 des communications que vous effectuez par courriel, ou autrement, \u00e0 l\u2019aide du Site Web. Si vous souhaitez fournir \u00e0 Grinner\u2019s des renseignements de nature confidentielle ou sensible, veuillez communiquer directement avec nous par d\u2019autres moyens, p. ex. par t\u00e9l\u00e9phone ou courrier postal.<\/strong><strong>\u00a0<\/strong>\n<ol start=\"5\">\n \t<li><strong><u>PROPRI\u00c9T\u00c9 INTELLECTUELLE<\/u><\/strong><\/li>\n<\/ol>\nVous comprenez et acceptez que le Site Web et l\u2019ensemble de son contenu, ses caract\u00e9ristiques et ses fonctionnalit\u00e9s, y compris entre autres l\u2019ensemble des informations, logiciels, codes, textes, affichages, graphiques, photographies, vid\u00e9os, contenus audio, conception, pr\u00e9sentation, s\u00e9lection et disposition, sont la propri\u00e9t\u00e9 de Grinner\u2019s, de ses conc\u00e9dants de licence ou d\u2019autres fournisseurs dudit mat\u00e9riel, et sont prot\u00e9g\u00e9s par les lois sur la propri\u00e9t\u00e9 intellectuelle, y compris entre autres le droit d\u2019auteur, les marques de commerce, les brevets, les secrets commerciaux et tout autre droit de propri\u00e9t\u00e9.\n\nLe nom Grinner\u2019s ainsi que Greco Pizza, Frank &amp; Gino\u2019s, Capt. Submarine et Frozu et tous les noms, logos, noms de produits et services, conceptions, images et slogans connexes sont des marques de commerce de Grinner\u2019s ou de ses soci\u00e9t\u00e9s affili\u00e9es ou conc\u00e9dants de licence. Vous ne devez pas utiliser ces marques sans l\u2019autorisation \u00e9crite pr\u00e9alable de Grinner\u2019s. Les autres noms, logos, noms de produits et de services, conceptions, images et slogans qui sont mentionn\u00e9s ou qui apparaissent sur le Site Web sont les marques de commerce de leurs propri\u00e9taires respectifs. L\u2019utilisation d\u2019une telle propri\u00e9t\u00e9 intellectuelle, sauf lorsqu\u2019elle est express\u00e9ment autoris\u00e9e, constitue une violation des droits des d\u00e9tenteurs correspondants, ainsi qu\u2019une violation possible des lois f\u00e9d\u00e9rales ou d\u2019autres lois, et donc exposer le contrevenant \u00e0 des poursuites judiciaires.\n\nVous pouvez utiliser le Site Web uniquement \u00e0 des fins personnelles, et non commerciales. Vous ne devez pas, directement ou indirectement, reproduire, compiler pour une base de donn\u00e9es interne, distribuer, modifier, recr\u00e9er, afficher publiquement, ex\u00e9cuter publiquement, republier, t\u00e9l\u00e9charger, stocker ou transmettre tout \u00e9l\u00e9ment du Site Web, sous quelque forme ou quelque support que ce soit. Les exceptions sont les suivantes :\n\n(a)\u00a0\u00a0\u00a0\u00a0\u00a0 Votre ordinateur et votre navigateur peuvent temporairement stocker ou mettre en m\u00e9moire cache des copies des documents consult\u00e9s et visualis\u00e9s.\n\n(b)\u00a0\u00a0\u00a0\u00a0\u00a0\u00a0 Un nombre raisonnable d\u2019exemplaires peut \u00eatre imprim\u00e9 en y conservant les avis de propri\u00e9t\u00e9, uniquement \u00e0 des fins personnelles l\u00e9gales, et non \u00e0 des fins de reproduction, de publication ou de diffusion ult\u00e9rieures de quelque nature que ce soit et sur quelque support que ce soit.\n\nLes utilisateurs ne sont pas autoris\u00e9s \u00e0 modifier les copies du contenu du Site Web, ni \u00e0 supprimer ou \u00e0 modifier les avis de droit d\u2019auteur, de marque de commerce ou d\u2019autres droits de propri\u00e9t\u00e9 dans lesdites copies. Vous ne devez pas acc\u00e9der au Site Web ou aux services ou contenus disponibles \u00e0 travers le Site Web \u00e0 des fins commerciales ou utiliser le Site Web ou lesdits services \u00e0 des fins commerciales.\n\nSi vous imprimez, copiez ou t\u00e9l\u00e9chargez une partie du Site Web en violation des pr\u00e9sentes Conditions d\u2019utilisation, votre droit d\u2019utiliser le Site Web cessera imm\u00e9diatement et vous devrez retourner ou d\u00e9truire toutes les copies des documents que vous avez faites. Vous n\u2019avez aucun droit, titre ou int\u00e9r\u00eat relatif au Site Web ou \u00e0 son contenu, et Grinner\u2019s se r\u00e9serve tous les droits qui ne sont pas express\u00e9ment conc\u00e9d\u00e9s. Toute utilisation du site Web qui n\u2019est pas express\u00e9ment autoris\u00e9e par les pr\u00e9sentes Conditions d\u2019utilisation constitue une violation desdites Conditions d\u2019utilisation et peut enfreindre les droits d\u2019auteur, les marques de commerce et d\u2019autres lois relatives \u00e0 la propri\u00e9t\u00e9 intellectuelle.\n<ol start=\"6\">\n \t<li><strong><u>AVIS DE NON-RESPONSABILIT\u00c9<\/u><\/strong><\/li>\n<\/ol>\nLE SITE WEB AINSI QUE SON CONTENU SONT FOURNIS \u00ab\u00a0TELS QUELS\u00a0\u00bb. VOUS UTILISEZ LE SITE WEB \u00c0 VOS PROPRES RISQUES.\n\nGrinner\u2019s ne fournit aucune garantie ou assurance, expresse ou implicite, de quelque nature que ce soit, concernant le Site Web ou son contenu, y compris entre autres la qualit\u00e9 marchande, l\u2019ad\u00e9quation \u00e0 un usage particulier, l\u2019ad\u00e9quation, la fiabilit\u00e9, la disponibilit\u00e9, le degr\u00e9 d\u2019actualit\u00e9, l\u2019absence de virus ou d\u2019autres composants nuisibles, ainsi que l\u2019exactitude des informations, produits, services et graphiques connexes contenus dans le Site Web; et en utilisant ou en essayant d\u2019utiliser le Site Web, vous reconnaissez n\u2019avoir re\u00e7u aucune garantie ou assurance, expresse ou implicite, de quelque nature que ce soit.\n\nGrinner\u2019s ou toute autre partie participant \u00e0 la cr\u00e9ation, \u00e0 la production ou \u00e0 la diffusion du Site Web ne peuvent en aucun \u00eatre tenus responsables des dommages directs, indirects, accessoires, sp\u00e9ciaux ou cons\u00e9cutifs d\u00e9coulant de l\u2019utilisation du Site Web ou de l\u2019impossibilit\u00e9 de l\u2019utiliser, y compris entre autres la confiance que vous accordez \u00e0 toute information obtenue \u00e0 partir du Site Web ou qui d\u00e9coule de fautes, d\u2019omissions, d\u2019interruptions, de la suppression de fichiers ou de courriels, d\u2019erreurs, de d\u00e9fauts, de virus, de retards de fonctionnement ou de transmission ou de toute d\u00e9faillance, y compris entre autres ceux qui r\u00e9sultent de la fatalit\u00e9, de pannes de communication, d\u2019un vol, d\u2019une destruction ou d\u2019un acc\u00e8s non autoris\u00e9 aux dossiers, programmes ou services de Grinner\u2019s, et ce m\u00eame si Grinner\u2019s est avis\u00e9 d\u2019une telle possibilit\u00e9.\n<ol start=\"7\">\n \t<li><strong><u>SITES DE TIERS<\/u><\/strong><\/li>\n<\/ol>\nLe Site Web peut contenir des liens vers d\u2019autres sites Web. Ces liens sont fournis \u00e0 titre pratique et ne constituent pas une acceptation, une recommandation ou une approbation des sites Web auxquels ils m\u00e8nent. Grinner\u2019s n\u2019est pas responsable des pratiques, politiques ou actes de ces tiers en ce qui a trait \u00e0 la protection des renseignements personnels. Vous devez prendre connaissance des politiques de protection des renseignements personnels des sites Web auxquels nous renvoyons afin de pouvoir d\u00e9cider si vous devez ou non fournir des renseignements personnels aux exploitants desdits sites.\n<ol start=\"8\">\n \t<li><strong><u>LIMITATION DE RESPONSABILIT\u00c9<\/u><\/strong><\/li>\n<\/ol>\nVOTRE SEUL RECOURS QUANT AUX LITIGES ET \u00c0 VOTRE UTILISATION DU SITE WEB EST DE CESSER VOTRE UTILISATION DUDIT SITE. DANS TOUTE LA MESURE PERMISE PAR LA LOI, GRINNER\u2019S ET TOUTE AUTRE PARTIE (PARTICIPANT OU NON \u00c0 LA CR\u00c9ATION, LA PRODUCTION, LA MAINTENANCE OU LA PRESTATION DU SITE WEB) ET LES GESTIONNAIRES, DIRIGEANTS, ADMINISTRATEURS, EMPLOY\u00c9S, MEMBRES, ACTIONNAIRES OU AGENTS DE GRINNER\u2019S SE D\u00c9GAGENT DE TOUTE RESPONSABILIT\u00c9 QUANT AUX PERTES OU AUX DOMMAGES POUVANT \u00caTRE SUBIS PAR VOUS-M\u00caME OU UN TIERS (Y COMPRIS ENTRE AUTRES LES PERTES OU DOMMAGES DIRECTS, INDIRECTS, PUNITIFS OU CONS\u00c9CUTIFS, OU LES PERTES DE REVENU, DE PROFITS, DE FONDS COMMERCIAUX, DE DONN\u00c9ES, DE CONTRATS, D\u2019UTILISATION D\u2019ARGENT, OU DES PERTES OU DOMMAGES D\u00c9COULANT DE QUELQUE MANI\u00c8RE QUE CE SOIT D\u2019UNE INTERRUPTION D\u2019ACTIVIT\u00c9, QUE CE SOIT DE MANI\u00c8RE D\u00c9LICTUELLE, Y COMPRIS ENTRE AUTRES LA N\u00c9GLIGENCE, DES CONTRATS OU AUTRE, EN LIEN AVEC LE SITE WEB DE QUELQUE MANI\u00c8RE QUE CE SOIT, OU EN LIEN AVEC L\u2019UTILISATION, L\u2019INCAPACIT\u00c9 D\u2019UTILISER OU LES R\u00c9SULTATS DE L\u2019UTILISATION DU SITE WEB, Y COMPRIS ENTRE AUTRES LES ACTIONS OU LES ACTIVIT\u00c9S D\u00c9COULANT DE L\u2019UTILISATION DES RESSOURCES PR\u00c9SENT\u00c9ES SUR LE SITE WEB, TOUT SITE WEB LI\u00c9 \u00c0 CE SITE WEB, OU LE CONTENU DE CES SITES WEB, OU L\u2019UTILISATION DE TOUTE COMMUNICATION, Y COMPRIS ENTRE AUTRES LES PERTES OU DOMMAGES CAUS\u00c9S PAR DES VIRUS POUVANT NUIRE \u00c0 VOTRE MAT\u00c9RIEL INFORMATIQUE, VOS LOGICIELS, VOS DONN\u00c9ES OU \u00c0 D\u2019AUTRES BIENS EN RAISON DE VOTRE UTILISATION OU NAVIGATION DU SITE WEB OU DU T\u00c9L\u00c9CHARGEMENT DE TOUT CONTENU \u00c0 PARTIR DU SITE WEB OU DE TOUT SITE WEB LI\u00c9 AU SITE WEB.\n<ol start=\"9\">\n \t<li><strong><u>INDEMNISATION<\/u><\/strong><\/li>\n<\/ol>\nDans toute la mesure permise par la loi, vous acceptez de d\u00e9fendre, d\u2019indemniser et de d\u00e9gager de toute responsabilit\u00e9 Grinner\u2019s, ses soci\u00e9t\u00e9s affili\u00e9es et leurs administrateurs, dirigeants, employ\u00e9s, agents, fournisseurs de services, sous-traitants, conc\u00e9dants, fournisseurs, successeurs et ayants droit respectifs contre l\u2019ensemble des r\u00e9clamations, responsabilit\u00e9s, dommages, jugements, sentences, pertes, co\u00fbts, d\u00e9penses ou honoraires (y compris les honoraires raisonnables d\u2019avocat) d\u00e9coulant de votre violation des pr\u00e9sentes Conditions d\u2019utilisation ou de votre utilisation du Site Web, y compris entre autres les sites de tiers, toute utilisation du contenu, des services et des produits du Site Web, autre que celles express\u00e9ment \u00e9nonc\u00e9es dans les pr\u00e9sentes Conditions d\u2019utilisation.\n<ol start=\"10\">\n \t<li><strong><u>LOIS APPLICABLES<\/u><\/strong><\/li>\n<\/ol>\nLe site Web est contr\u00f4l\u00e9, exploit\u00e9 et administr\u00e9 par Grinner\u2019s \u00e0 partir de ses bureaux, au Canada. Grinner\u2019s ne fournit aucune garantie ni assurance quant \u00e0 l\u2019acceptabilit\u00e9 du Site Web ou \u00e0 son utilisation \u00e0 l\u2019ext\u00e9rieur du Canada. Si vous acc\u00e9dez au Site Web de l\u2019ext\u00e9rieur du Canada, vous \u00eates tenu de respecter toutes les lois applicables.\n\nLes pr\u00e9sentes Conditions d\u2019utilisation sont interpr\u00e9t\u00e9es selon les lois en vigueur dans la Province de la Nouvelle-\u00c9cosse, au Canada, et sont r\u00e9gies par lesdites lois, abstraction faite des dispositions sur les conflits des lois. En acc\u00e9dant au Site Web, vous acceptez de vous en remettre \u00e0 la comp\u00e9tence des tribunaux de la Province de la Nouvelle-\u00c9cosse et de renoncer \u00e0 toute objection fond\u00e9e sur le lieu.\n<ol start=\"11\">\n \t<li><strong><u>EN SAVOIR PLUS<\/u><\/strong><\/li>\n<\/ol>\nPour en savoir plus sur les Conditions d\u2019utilisation ou demander l\u2019autorisation de reproduire ou de diffuser le contenu du Site Web, veuillez communiquer avec :\n\nGrinner\u2019s Food Systems Limited\n\n<strong>Grinner\u2019s Food Systems Ltd.<\/strong>\n\n<strong>(T\u00e9l\u00e9phone) 902-893-4141<\/strong>\n\n(T\u00e9l\u00e9copieur) 902-895-7635\n\nAdresse courriel : customerservice@grinners.ca\n\nTous les droits qui ne sont pas express\u00e9ment accord\u00e9s dans le pr\u00e9sent document sont r\u00e9serv\u00e9s.\t\t\t\t\t\t\t\t<\/div>\n\t\t\t\t<\/div>\n\t\t\t\t\t<\/div>\n\t\t<\/div>\n\t\t\t\t\t<\/div>\n\t\t<\/section>\n\t\t\t\t<\/div>\n\t\t","protected":false},"excerpt":{"rendered":"<p>Conditions G\u00e9n\u00e9rales D\u2019Utilisation ACCEPTATION DES CONDITIONS G\u00c9N\u00c9RALES D\u2019UTILISATION DU SITE INTERNET Les pr\u00e9sentes conditions g\u00e9n\u00e9rales d\u2019utilisation du site Web constituent un accord l\u00e9gal entre vous et Grinner\u2019s Food Systems Limited (\u00ab\u00a0Grinner\u2019s\u00a0\u00bb, \u00ab\u00a0nous\u00a0\u00bb, \u00ab\u00a0notre\u00a0\u00bb). Les conditions g\u00e9n\u00e9rales suivantes [ainsi que tous les documents et autres conditions express\u00e9ment int\u00e9gr\u00e9es par renvoi] (collectivement les \u00ab\u00a0Conditions d\u2019utilisation\u00a0\u00bb) r\u00e9gissent l\u2019acc\u00e8s [&hellip;]<\/p>\n","protected":false},"author":2,"featured_media":0,"parent":0,"menu_order":0,"comment_status":"closed","ping_status":"closed","template":"elementor_header_footer","meta":{"_uf_show_specific_survey":0,"_uf_disable_surveys":false,"footnotes":""},"class_list":["post-6367","page","type-page","status-publish","hentry"],"aioseo_notices":[],"_links":{"self":[{"href":"https:\/\/new.greco.ca\/fr\/wp-json\/wp\/v2\/pages\/6367","targetHints":{"allow":["GET"]}}],"collection":[{"href":"https:\/\/new.greco.ca\/fr\/wp-json\/wp\/v2\/pages"}],"about":[{"href":"https:\/\/new.greco.ca\/fr\/wp-json\/wp\/v2\/types\/page"}],"author":[{"embeddable":true,"href":"https:\/\/new.greco.ca\/fr\/wp-json\/wp\/v2\/users\/2"}],"replies":[{"embeddable":true,"href":"https:\/\/new.greco.ca\/fr\/wp-json\/wp\/v2\/comments?post=6367"}],"version-history":[{"count":0,"href":"https:\/\/new.greco.ca\/fr\/wp-json\/wp\/v2\/pages\/6367\/revisions"}],"wp:attachment":[{"href":"https:\/\/new.greco.ca\/fr\/wp-json\/wp\/v2\/media?parent=6367"}],"curies":[{"name":"wp","href":"https:\/\/api.w.org\/{rel}","templated":true}]}}